{"id":15,"date":"2009-06-27T15:55:24","date_gmt":"2009-06-27T13:55:24","guid":{"rendered":"http:\/\/wp02.krabat-badehaus.de\/?page_id=15"},"modified":"2019-02-25T21:25:11","modified_gmt":"2019-02-25T20:25:11","slug":"ausschluserklarung-und-impressum","status":"publish","type":"page","link":"https:\/\/www.krabat-badehaus.de\/?page_id=15","title":{"rendered":"Ausschlu\u00dferkl\u00e4rung und Impressum"},"content":{"rendered":"<p>Da es leider nicht ohne geht&#8230;..<br \/>\n<strong>Ausschlu\u00dferkl\u00e4rung:<\/strong><br \/>\nIch weise hiermit darauf hin, dass ich von diesen Seiten aus auf Webseiten Dritter verlinkt habe.<br \/>\nIch \u00fcbernehme keinerlei Verantwortung f\u00fcr Inhalt oder technischen Funktion dieser Webseiten.<br \/>\nDiese Verantwortung liegt bei dem jeweiligen Betreiber der entsprechenden Webseiten.<br \/>\nDie Rechte der Bilder, Zeichnungen und Texte auf meinen eigenen Seiten bleiben, sofern nicht anders angegeben, bei den Fotografen, Zeichnern und Autoren.<br \/>\nDie Nutzung des auf diesen Seiten zur Verf\u00fcgung gestellten Bild- und Textmaterials durch Dritte ist nur mit meiner ausdr\u00fccklichen Genehmigung und unter Angabe der Quelle gestattet.<\/p>\n<p><strong>Impressum:<\/strong><br \/>\nHeiko Fiergolla<br \/>\nGabriel-Biel-Str. 13<br \/>\n72076 T\u00fcbingen<br \/>\n<a href=\"http:\/\/www.krabat-badehaus.de\/?page_id=254\">E-Mail<\/a><\/p>\n<p><strong><em>Krabat&#8217;s Badehaus<\/em><\/strong> ist keine Vereins- oder Firmenorganisation.<br \/>\nDas beschriebene Badehaus und seine Mitarbeiter werden lediglich durch Laienschauspiel von Privatpersonen dargestellt, welche sich auf geschlossenen Veranstaltungen von sogen. Live-Rollenspielen bewegen.<br \/>\nDie unter <a href=\"http:\/\/www.krabat-badehaus.de\/?page_id=30\">Preise und Kosten<\/a> aufgef\u00fchrten Betr\u00e4ge sind Aufwandsentsch\u00e4digungen, die die Unkosten f\u00fcr Requisiten zur anschaulicheren Darstellung decken. Es ist dabei keinerlei Marge oder Gage der beteiligten Personen berechnet.<\/p>\n","protected":false},"excerpt":{"rendered":"<p>Da es leider nicht ohne geht&#8230;.. Ausschlu\u00dferkl\u00e4rung: Ich weise hiermit darauf hin, dass ich von diesen Seiten aus auf Webseiten Dritter verlinkt habe. Ich \u00fcbernehme keinerlei Verantwortung f\u00fcr Inhalt oder technischen Funktion dieser Webseiten. Diese Verantwortung liegt bei dem jeweiligen Betreiber der entsprechenden Webseiten. Die Rechte der Bilder, Zeichnungen und Texte auf meinen eigenen Seiten [&#8230;]<\/p>\n","protected":false},"author":1,"featured_media":0,"parent":0,"menu_order":100,"comment_status":"closed","ping_status":"closed","template":"","meta":{"footnotes":""},"class_list":["post-15","page","type-page","status-publish","hentry","odd"],"_links":{"self":[{"href":"https:\/\/www.krabat-badehaus.de\/index.php?rest_route=\/wp\/v2\/pages\/15","targetHints":{"allow":["GET"]}}],"collection":[{"href":"https:\/\/www.krabat-badehaus.de\/index.php?rest_route=\/wp\/v2\/pages"}],"about":[{"href":"https:\/\/www.krabat-badehaus.de\/index.php?rest_route=\/wp\/v2\/types\/page"}],"author":[{"embeddable":true,"href":"https:\/\/www.krabat-badehaus.de\/index.php?rest_route=\/wp\/v2\/users\/1"}],"replies":[{"embeddable":true,"href":"https:\/\/www.krabat-badehaus.de\/index.php?rest_route=%2Fwp%2Fv2%2Fcomments&post=15"}],"version-history":[{"count":21,"href":"https:\/\/www.krabat-badehaus.de\/index.php?rest_route=\/wp\/v2\/pages\/15\/revisions"}],"predecessor-version":[{"id":601,"href":"https:\/\/www.krabat-badehaus.de\/index.php?rest_route=\/wp\/v2\/pages\/15\/revisions\/601"}],"wp:attachment":[{"href":"https:\/\/www.krabat-badehaus.de\/index.php?rest_route=%2Fwp%2Fv2%2Fmedia&parent=15"}],"curies":[{"name":"wp","href":"https:\/\/api.w.org\/{rel}","templated":true}]}}