{"id":19,"date":"2009-06-28T00:07:01","date_gmt":"2009-06-27T22:07:01","guid":{"rendered":"http:\/\/wp02.krabat-badehaus.de\/?page_id=19"},"modified":"2021-03-01T12:13:56","modified_gmt":"2021-03-01T11:13:56","slug":"startseite","status":"publish","type":"page","link":"https:\/\/www.krabat-badehaus.de\/","title":{"rendered":"<!-- start -->"},"content":{"rendered":"<h2 style=\"text-align: left;\">Willkommen im Larp Badehaus von Krabat!<\/h2>\n<p><img loading=\"lazy\" decoding=\"async\" class=\"size-full wp-image-22 alignleft\" title=\"krabat's-badehaus-logo-klein\" src=\"\/wp-content\/uploads\/logo.jpg\" alt=\"logo-klein\" width=\"111\" height=\"160\" \/><br \/>\nDies ist die Informatiosseite des Larp Badehauses von Krabat.<br \/>\nNeben den allgemein interessanten Infos zum Badehaus gibt es auch Termine und den aktuellen Planungsstand zu unseren Aktionen.<\/p>\n<p>Im Jahre 2000 ben\u00f6tigte Sascha alias Gunnar B\u00f6ckig einige Mitarbeiter in seinem Badehaus f\u00fcr das Spiel Zeitmeister 1.<br \/>\nDort begann alles. Mit einem anf\u00e4nglich nicht gro\u00df ausgearbeiteten Charakter namens Krabat begann ich damals meinen Dienst am Zuber und in der Massage.<br \/>\nIch fand Interesse daran im Badehaus zu arbeiten. Anf\u00e4nglich unter der Leitung von Sascha sp\u00e4ter auch in eigener Regie woraus sich dann Krabat&#8217;s Badehaus entwickelte.<br \/>\nEs war gerade in den ersten Jahren m\u00fchselig und auch ein recht kostspieliges Unterfangen. Aber es hat sich gelohnt durch zu halten.<br \/>\nInzwischen ist Krabat&#8217;s Badehaus ein Begriff in der Larp-Szene geworden und mit wachsender Beliebtheit wurde es f\u00fcr mich und meinen Helfern einfacher das Badehaus zu f\u00fchren. <\/p>\n<p>Mit nun \u00fcber zwei Jahrzehnten Erfahrung im Badehausbetrieb auf Larp&#8217;s m\u00f6chte ich auch f\u00fcr dich und deinem Spiel mit meinem Badehaus dein Ambiente erweitern.<\/p>\n<p><strong>F\u00fcr Reinlichkeit und warmes Wasser!<br \/>\nKrabat <\/strong><\/p>\n","protected":false},"excerpt":{"rendered":"<p>Willkommen im Larp Badehaus von Krabat! <\/p>\n<p> Dies ist die Informatiosseite des Larp Badehauses von Krabat. Neben den allgemein interessanten Infos zum Badehaus gibt es auch Termine und den aktuellen Planungsstand zu unseren Aktionen.<\/p>\n<p>Im Jahre 2000 ben\u00f6tigte Sascha alias Gunnar B\u00f6ckig einige Mitarbeiter in seinem Badehaus f\u00fcr das Spiel Zeitmeister 1. Dort begann alles. [&#8230;]<\/p>\n","protected":false},"author":1,"featured_media":0,"parent":0,"menu_order":10000,"comment_status":"closed","ping_status":"closed","template":"","meta":{"footnotes":""},"class_list":["post-19","page","type-page","status-publish","hentry","odd"],"_links":{"self":[{"href":"https:\/\/www.krabat-badehaus.de\/index.php?rest_route=\/wp\/v2\/pages\/19","targetHints":{"allow":["GET"]}}],"collection":[{"href":"https:\/\/www.krabat-badehaus.de\/index.php?rest_route=\/wp\/v2\/pages"}],"about":[{"href":"https:\/\/www.krabat-badehaus.de\/index.php?rest_route=\/wp\/v2\/types\/page"}],"author":[{"embeddable":true,"href":"https:\/\/www.krabat-badehaus.de\/index.php?rest_route=\/wp\/v2\/users\/1"}],"replies":[{"embeddable":true,"href":"https:\/\/www.krabat-badehaus.de\/index.php?rest_route=%2Fwp%2Fv2%2Fcomments&post=19"}],"version-history":[{"count":24,"href":"https:\/\/www.krabat-badehaus.de\/index.php?rest_route=\/wp\/v2\/pages\/19\/revisions"}],"predecessor-version":[{"id":619,"href":"https:\/\/www.krabat-badehaus.de\/index.php?rest_route=\/wp\/v2\/pages\/19\/revisions\/619"}],"wp:attachment":[{"href":"https:\/\/www.krabat-badehaus.de\/index.php?rest_route=%2Fwp%2Fv2%2Fmedia&parent=19"}],"curies":[{"name":"wp","href":"https:\/\/api.w.org\/{rel}","templated":true}]}}