{"id":46,"date":"2009-06-28T02:59:09","date_gmt":"2009-06-28T00:59:09","guid":{"rendered":"http:\/\/wp02.krabat-badehaus.de\/?page_id=46"},"modified":"2023-11-23T19:21:13","modified_gmt":"2023-11-23T18:21:13","slug":"wer-ist-wer","status":"publish","type":"page","link":"https:\/\/www.krabat-badehaus.de\/?page_id=46","title":{"rendered":"Wer ist wer"},"content":{"rendered":"<p>Hier stellen sich die festen Badehaus Teamler Intime und\/oder Outtime vor:<\/p>\n<hr \/>\n<table border=\"0\">\n<tr>\n<td>\n<strong>Krabat <\/strong><\/p>\n<p>Intime:<br \/>\nEs sollte gesagt sein, das ich nicht immer ein Badehaus f\u00fchrte. Urspr\u00fcnglich kam ich als Waise aus einem Kloster in Wolkowien (Friedland). Als ich erwachsen war, verlie\u00df ich das Kloster und machte mich als Wanderer und Tagl\u00f6hner auf den Weg.<br \/>\nIrgendwann traf ich auf Gunnar B\u00f6ckig, der als Bademeister ein Wanderbadehaus betrieb. Ich trat dort zun\u00e4chst als Badeknecht bei und bewies meine F\u00e4higkeiten in Heilkunde und Massage, die ich im Kloster einst erlernt hatte.<br \/>\nRecht bald wurde ich ein gleichwertiger Partner von Gunnar, und inzwischen ist Gunnar selber viel auf Reisen, so dass ich das Badehaus alleine f\u00fchre.<\/p>\n<p>Outtime:<br \/>\nIm Prinzip gibt die Intimegeschichte die tats\u00e4chliche Geschichte wider. Sascha brauchte mal ein par Leute f\u00fcr sein Badehaus, und da habe ich mich gemeldet und seitdem bin ich mit dabei.<br \/>\nInzwischen bilde ich mit Martin zusammen das Basisteam f\u00fcr Organisation und Technik, und wir haben bisher kein Interesse daran damit auf zu h\u00f6ren.<\/p>\n<hr \/>\n<\/td>\n<td>\n<div id=\"attachment_117\" style=\"width: 132px\" class=\"wp-caption alignright\"><img loading=\"lazy\" decoding=\"async\" aria-describedby=\"caption-attachment-117\" class=\"size-medium wp-image-117  \" title=\"Krabat\" src=\"\/wp-content\/uploads\/DSC06357-225x300.jpg\" alt=\"Krabat der Bademeister\" width=\"122\" height=\"162\" srcset=\"https:\/\/www.krabat-badehaus.de\/wp-content\/uploads\/DSC06357-225x300.jpg 225w, https:\/\/www.krabat-badehaus.de\/wp-content\/uploads\/DSC06357-768x1024.jpg 768w, https:\/\/www.krabat-badehaus.de\/wp-content\/uploads\/DSC06357.JPG 1536w\" sizes=\"auto, (max-width: 122px) 100vw, 122px\" \/><p id=\"caption-attachment-117\" class=\"wp-caption-text\">Krabat der Bademeister<\/p><\/div>\n<\/td>\n<\/tr>\n<tr>\n<td>\n<strong>Simon B\u00f6ckig<\/strong><\/p>\n<p>Intime:<br \/>\nEr ist ein B\u00f6ckig, muss man dazu noch was sagen?<br \/>\nEr Lernte Krabat kennen als der im Badehaus von Gunnar an heuerte. Das Geschah in dem selben Jahr als auch Krabat bei Gunnar seine Arbeit aufnahm.<br \/>\nBei Krabat&#8217;s ersten Badehausaufenthalt in Neu Freystadt beschloss Gunnar das Simon Krabat&#8217;s gleichberechtigter Partner im Badehaus sein soll&#8230;. eigentlich war er das schon vorher.<br \/>\nSimon geh\u00f6rt irgendwie zur Familie der B\u00f6ckigs. Wie er da genau rein passt hat Krabat nie ganz durchschaut. Aber Krabat kennt die Lust von Gunnar andere Personen, unter der Begr\u00fcndung der Adoption, zu assimilieren.<\/p>\n<p>Outtime:<br \/>\nTats\u00e4chlich trafen wir uns zum ersten mal auf dem Con Zeitmeister 1. Zu dem Zeitpunkt spielten wir nur einfache Badeknechte.<br \/>\nNach einigen Jahren organisatorischem hin und her sammelte Martin einiges an Technik f\u00fcr das Badehaus zusammen und auch eine Menge Erfahrung dazu.<br \/>\nInzwischen ist er in Sachen Infrastruktur das was ich f\u00fcr die allgemeine Organisation bin. N\u00e4mlich der erste Ansprechpartner.<\/p>\n<hr \/>\n<\/td>\n<td>\n<div id=\"attachment_380\" style=\"width: 128px\" class=\"wp-caption alignright\"><img loading=\"lazy\" decoding=\"async\" aria-describedby=\"caption-attachment-380\" class=\"size-full wp-image-380  \" title=\"Simon\" src=\"\/wp-content\/uploads\/martin.jpg\" alt=\"Simon, Krabat's rechte Hand.\" width=\"118\" height=\"159\" srcset=\"https:\/\/www.krabat-badehaus.de\/wp-content\/uploads\/martin.jpg 282w, https:\/\/www.krabat-badehaus.de\/wp-content\/uploads\/martin-223x300.jpg 223w\" sizes=\"auto, (max-width: 118px) 100vw, 118px\" \/><p id=\"caption-attachment-380\" class=\"wp-caption-text\">Simon, Krabat&#39;s rechte Hand.<\/p><\/div>\n<\/td>\n<\/tr>\n<\/table>\n<hr \/>\n","protected":false},"excerpt":{"rendered":"<p>Hier stellen sich die festen Badehaus Teamler Intime und\/oder Outtime vor:<\/p>\n<p> Krabat <\/p>\n<p>Intime: Es sollte gesagt sein, das ich nicht immer ein Badehaus f\u00fchrte. Urspr\u00fcnglich kam ich als Waise aus einem Kloster in Wolkowien (Friedland). Als ich erwachsen war, verlie\u00df ich das Kloster und machte mich als Wanderer und Tagl\u00f6hner auf den Weg. Irgendwann [&#8230;]<\/p>\n","protected":false},"author":1,"featured_media":0,"parent":0,"menu_order":6,"comment_status":"closed","ping_status":"closed","template":"","meta":{"footnotes":""},"class_list":["post-46","page","type-page","status-publish","hentry","odd"],"_links":{"self":[{"href":"https:\/\/www.krabat-badehaus.de\/index.php?rest_route=\/wp\/v2\/pages\/46","targetHints":{"allow":["GET"]}}],"collection":[{"href":"https:\/\/www.krabat-badehaus.de\/index.php?rest_route=\/wp\/v2\/pages"}],"about":[{"href":"https:\/\/www.krabat-badehaus.de\/index.php?rest_route=\/wp\/v2\/types\/page"}],"author":[{"embeddable":true,"href":"https:\/\/www.krabat-badehaus.de\/index.php?rest_route=\/wp\/v2\/users\/1"}],"replies":[{"embeddable":true,"href":"https:\/\/www.krabat-badehaus.de\/index.php?rest_route=%2Fwp%2Fv2%2Fcomments&post=46"}],"version-history":[{"count":19,"href":"https:\/\/www.krabat-badehaus.de\/index.php?rest_route=\/wp\/v2\/pages\/46\/revisions"}],"predecessor-version":[{"id":621,"href":"https:\/\/www.krabat-badehaus.de\/index.php?rest_route=\/wp\/v2\/pages\/46\/revisions\/621"}],"wp:attachment":[{"href":"https:\/\/www.krabat-badehaus.de\/index.php?rest_route=%2Fwp%2Fv2%2Fmedia&parent=46"}],"curies":[{"name":"wp","href":"https:\/\/api.w.org\/{rel}","templated":true}]}}