{"id":54,"date":"2009-06-28T03:15:07","date_gmt":"2009-06-28T01:15:07","guid":{"rendered":"http:\/\/wp02.krabat-badehaus.de\/?page_id=54"},"modified":"2010-03-07T10:32:57","modified_gmt":"2010-03-07T09:32:57","slug":"logos-des-badehauses","status":"publish","type":"page","link":"https:\/\/www.krabat-badehaus.de\/?page_id=54","title":{"rendered":"Logos des Badehauses"},"content":{"rendered":"<p>Hier sind die Logos von Krabat&#8217;s Badehaus.<br \/>\nVielen Dank an Nina Zoll f\u00fcr die Zuberbilder.<br \/>\nDiese d\u00fcrfen als Werbe- und Linkbanner, f\u00fcr www.krabat-badehaus.de, auf den Webseiten von Dritten Benutzt werden.<br \/>\nDie Rechte an den Logos und einzelnen Teilen daraus bleiben bei den urspr\u00fcnglichen Besitzern und <strong>d\u00fcrfen nicht ver\u00e4ndert werden.<\/strong><\/p>\n<p>Das Bannerlogo zum Einbinden in Webseiten:<br \/>\n<img loading=\"lazy\" decoding=\"async\" class=\"alignnone size-full wp-image-4\" title=\"Badehaus-logo-lang-klein\" src=\"\/wp-content\/uploads\/Badehaus-logo-lang-klein.jpg\" alt=\"Badehaus-logo-lang-klein\" width=\"556\" height=\"108\" srcset=\"https:\/\/www.krabat-badehaus.de\/wp-content\/uploads\/Badehaus-logo-lang-klein.jpg 556w, https:\/\/www.krabat-badehaus.de\/wp-content\/uploads\/Badehaus-logo-lang-klein-300x58.jpg 300w\" sizes=\"auto, (max-width: 556px) 100vw, 556px\" \/><\/p>\n<p>Das allgemeine Badehauslogo<br \/>\n<img loading=\"lazy\" decoding=\"async\" class=\"alignnone size-full wp-image-5\" title=\"Badehauslogo-text-gro\u00df\" src=\"\/wp-content\/uploads\/Badehauslogo-text-klein.jpg\" alt=\"Badehauslogo-text-gro\u00df\" width=\"215\" height=\"328\" srcset=\"https:\/\/www.krabat-badehaus.de\/wp-content\/uploads\/Badehauslogo-text-klein.jpg 215w, https:\/\/www.krabat-badehaus.de\/wp-content\/uploads\/Badehauslogo-text-klein-196x300.jpg 196w\" sizes=\"auto, (max-width: 215px) 100vw, 215px\" \/><\/p>\n","protected":false},"excerpt":{"rendered":"<p>Hier sind die Logos von Krabat&#8217;s Badehaus. Vielen Dank an Nina Zoll f\u00fcr die Zuberbilder. Diese d\u00fcrfen als Werbe- und Linkbanner, f\u00fcr www.krabat-badehaus.de, auf den Webseiten von Dritten Benutzt werden. Die Rechte an den Logos und einzelnen Teilen daraus bleiben bei den urspr\u00fcnglichen Besitzern und d\u00fcrfen nicht ver\u00e4ndert werden.<\/p>\n<p>Das Bannerlogo zum Einbinden in Webseiten: [&#8230;]<\/p>\n","protected":false},"author":1,"featured_media":0,"parent":0,"menu_order":80,"comment_status":"closed","ping_status":"closed","template":"","meta":{"footnotes":""},"class_list":["post-54","page","type-page","status-publish","hentry","odd"],"_links":{"self":[{"href":"https:\/\/www.krabat-badehaus.de\/index.php?rest_route=\/wp\/v2\/pages\/54","targetHints":{"allow":["GET"]}}],"collection":[{"href":"https:\/\/www.krabat-badehaus.de\/index.php?rest_route=\/wp\/v2\/pages"}],"about":[{"href":"https:\/\/www.krabat-badehaus.de\/index.php?rest_route=\/wp\/v2\/types\/page"}],"author":[{"embeddable":true,"href":"https:\/\/www.krabat-badehaus.de\/index.php?rest_route=\/wp\/v2\/users\/1"}],"replies":[{"embeddable":true,"href":"https:\/\/www.krabat-badehaus.de\/index.php?rest_route=%2Fwp%2Fv2%2Fcomments&post=54"}],"version-history":[{"count":12,"href":"https:\/\/www.krabat-badehaus.de\/index.php?rest_route=\/wp\/v2\/pages\/54\/revisions"}],"predecessor-version":[{"id":64,"href":"https:\/\/www.krabat-badehaus.de\/index.php?rest_route=\/wp\/v2\/pages\/54\/revisions\/64"}],"wp:attachment":[{"href":"https:\/\/www.krabat-badehaus.de\/index.php?rest_route=%2Fwp%2Fv2%2Fmedia&parent=54"}],"curies":[{"name":"wp","href":"https:\/\/api.w.org\/{rel}","templated":true}]}}