{"id":81,"date":"2009-06-28T18:24:54","date_gmt":"2009-06-28T17:24:54","guid":{"rendered":"http:\/\/wp02.krabat-badehaus.de\/?page_id=81"},"modified":"2011-01-12T19:08:38","modified_gmt":"2011-01-12T18:08:38","slug":"besonderen-dank","status":"publish","type":"page","link":"https:\/\/www.krabat-badehaus.de\/?page_id=81","title":{"rendered":"Besonderen Dank"},"content":{"rendered":"<p>An dieser Stelle m\u00f6chte ich meinen besonderen Dank an all jene aussprechen, die dazu beigetragen haben, dass Krabat\u2019s Badehaus zu dem geworden ist, was es heute ist.<br \/>\nGanz besonders an:<\/p>\n<ul>\n<li>Sascha Rheindorf: Ohne ihn w\u00e4re ich wahrscheinlich nie auf die Idee gekommen ein Badehaus zu f\u00fchren.<\/li>\n<li>Martin Senft: Ohne seine      Technik und das fundierte Wissen dar\u00fcber und seinen extrem tatkr\u00e4ftigen      Einsatz w\u00e4re ich wohl das eine oder andere Mal ziemlich dumm dagestanden.<\/li>\n<li>Nina Zoll: F\u00fcr den Entwurf      der <a href=\"\/?page_id=54\">Badehauslogos<\/a>.<\/li>\n<li>Sonja G.: F\u00fcr die      viele Geduld mit mir und die immer wieder mal eintreffenden Spenden an      Dekomaterial.<\/li>\n<li>Die Orgas, die mein System      unterst\u00fctzen: Ihr zeigt mir, dass man ein Badehaus betreiben kann, bei dem      der Spieler nicht das Gef\u00fchl hat, dass ihm das Geld aus der Tasche gezogen      wird.<\/li>\n<li>Die Orgas, die mich      vergeblich dazu bringen wollten, dass ich mein System \u00e4ndere: Ihr wart      meine Vergleichsgruppe, an der ich feststellen konnte, dass man etwas Bew\u00e4hrtes      nicht ver\u00e4ndern sollte.<\/li>\n<li>Alle Helfer im Badehaus:      Ohne euch w\u00e4re das Badehaus so gut wie nicht existent.<\/li>\n<\/ul>\n<p>Und auch ein dickes Dankesch\u00f6n an die Badeg\u00e4ste, ohne die ich den Laden l\u00e4ngst h\u00e4tte wieder dicht machen k\u00f6nnen\u00a0\ud83d\ude09<\/p>\n","protected":false},"excerpt":{"rendered":"<p>An dieser Stelle m\u00f6chte ich meinen besonderen Dank an all jene aussprechen, die dazu beigetragen haben, dass Krabat\u2019s Badehaus zu dem geworden ist, was es heute ist. Ganz besonders an:<\/p>\n<p> Sascha Rheindorf: Ohne ihn w\u00e4re ich wahrscheinlich nie auf die Idee gekommen ein Badehaus zu f\u00fchren. Martin Senft: Ohne seine Technik und das fundierte Wissen [&#8230;]<\/p>\n","protected":false},"author":1,"featured_media":0,"parent":0,"menu_order":9,"comment_status":"closed","ping_status":"closed","template":"","meta":{"footnotes":""},"class_list":["post-81","page","type-page","status-publish","hentry","odd"],"_links":{"self":[{"href":"https:\/\/www.krabat-badehaus.de\/index.php?rest_route=\/wp\/v2\/pages\/81","targetHints":{"allow":["GET"]}}],"collection":[{"href":"https:\/\/www.krabat-badehaus.de\/index.php?rest_route=\/wp\/v2\/pages"}],"about":[{"href":"https:\/\/www.krabat-badehaus.de\/index.php?rest_route=\/wp\/v2\/types\/page"}],"author":[{"embeddable":true,"href":"https:\/\/www.krabat-badehaus.de\/index.php?rest_route=\/wp\/v2\/users\/1"}],"replies":[{"embeddable":true,"href":"https:\/\/www.krabat-badehaus.de\/index.php?rest_route=%2Fwp%2Fv2%2Fcomments&post=81"}],"version-history":[{"count":8,"href":"https:\/\/www.krabat-badehaus.de\/index.php?rest_route=\/wp\/v2\/pages\/81\/revisions"}],"predecessor-version":[{"id":83,"href":"https:\/\/www.krabat-badehaus.de\/index.php?rest_route=\/wp\/v2\/pages\/81\/revisions\/83"}],"wp:attachment":[{"href":"https:\/\/www.krabat-badehaus.de\/index.php?rest_route=%2Fwp%2Fv2%2Fmedia&parent=81"}],"curies":[{"name":"wp","href":"https:\/\/api.w.org\/{rel}","templated":true}]}}