{"id":84,"date":"2009-06-28T18:49:57","date_gmt":"2009-06-28T17:49:57","guid":{"rendered":"http:\/\/wp02.krabat-badehaus.de\/?page_id=84"},"modified":"2020-03-29T00:28:07","modified_gmt":"2020-03-28T23:28:07","slug":"links-zu-freunden","status":"publish","type":"page","link":"https:\/\/www.krabat-badehaus.de\/?page_id=84","title":{"rendered":"Links zu Freunden"},"content":{"rendered":"<h4>Wege zu Freunden und anderen Informationen:<\/h4>\n<p><em>Wege die in direkter Verbindung zum Badehaus stehen:<\/em><br \/>\n<a href=\"http:\/\/turney-der-suedlande.de\/\">Die S\u00fcdlande<\/a>: Hier h\u00e4lt sich Krabat gerne bei den Turney-Spielen auf.<br \/>\nFriedland: Krabat\u2019s Mutterland, dessen Geschichte genau so nebul\u00f6s ist wie seine eigene Vergangenheit. Und die Nebel um Friedland scheinen dicker zu werden denn man findet die Wege dorthin nicht mehr.<br \/>\n<a href=\"http:\/\/krabat.li\/\">Das Archiv von Bennimmihrs al Giebihm<\/a> mit niedergeschriebenen Geschichten, die Krabat auf seinen Reisen erlebt oder geh\u00f6rt hat.<br \/>\n<a href=\"https:\/\/www.facebook.com\/Jeffreys-Inn-269528293252431\/\">Das Jeffrey&#8217;s Inn<\/a> ist seit langem Krabat\u2019s Lieblingstaverne.<br \/>\nDas Evthanisch \/ Elronische Mutterland von Krabat&#8217;s lieben Luni ist in den Strudeln der Zeit versunken. Au\u00dfer ein paar m\u00fcndlich \u00fcberlieferte Geschichten, die man zu weil im Jeffreys Inn zu h\u00f6ren bekommt, gibt es leider keine bekannten Informationen mehr dar\u00fcber.<\/p>\n<hr>\n<p><em>Krabat&#8217;s Empfehlungen zu Informationen aus der anderen Welt:<\/em><br \/>\n<a href=\"http:\/\/angerweit.tikon.ch\/lieder\/\">Hrabans Liederliste<\/a> ist eine Sammlung, auf die Krabat gerne mal als Gelegenheitsbarde zur\u00fcckgreift.<br \/>\n<a title=\"Nebel Tanz\" href=\"http:\/\/www.nebel-tanz.de\">Nebel-Tanz<\/a> ist eine Sammlung von Historischen T\u00e4nzen die der Nebellegenden e.V. im laufe der Jahre zusammen getragen hat.<br \/>\n<a href=\"http:\/\/www.larp-wiki.de\/\">Das Larp-Wiki<\/a> mit allen Infos zu dem, was LARP \u00fcberhaupt ist\u2026damit klar wird, in welchem Rahmen sich Krabat\u2019s Badehaus \u00fcberhaupt bewegt.<\/p>\n","protected":false},"excerpt":{"rendered":"<p>Wege zu Freunden und anderen Informationen: <\/p>\n<p>Wege die in direkter Verbindung zum Badehaus stehen: Die S\u00fcdlande: Hier h\u00e4lt sich Krabat gerne bei den Turney-Spielen auf. Friedland: Krabat\u2019s Mutterland, dessen Geschichte genau so nebul\u00f6s ist wie seine eigene Vergangenheit. Und die Nebel um Friedland scheinen dicker zu werden denn man findet die Wege dorthin nicht mehr. [&#8230;]<\/p>\n","protected":false},"author":1,"featured_media":0,"parent":0,"menu_order":10,"comment_status":"closed","ping_status":"closed","template":"","meta":{"footnotes":""},"class_list":["post-84","page","type-page","status-publish","hentry","odd"],"_links":{"self":[{"href":"https:\/\/www.krabat-badehaus.de\/index.php?rest_route=\/wp\/v2\/pages\/84","targetHints":{"allow":["GET"]}}],"collection":[{"href":"https:\/\/www.krabat-badehaus.de\/index.php?rest_route=\/wp\/v2\/pages"}],"about":[{"href":"https:\/\/www.krabat-badehaus.de\/index.php?rest_route=\/wp\/v2\/types\/page"}],"author":[{"embeddable":true,"href":"https:\/\/www.krabat-badehaus.de\/index.php?rest_route=\/wp\/v2\/users\/1"}],"replies":[{"embeddable":true,"href":"https:\/\/www.krabat-badehaus.de\/index.php?rest_route=%2Fwp%2Fv2%2Fcomments&post=84"}],"version-history":[{"count":30,"href":"https:\/\/www.krabat-badehaus.de\/index.php?rest_route=\/wp\/v2\/pages\/84\/revisions"}],"predecessor-version":[{"id":607,"href":"https:\/\/www.krabat-badehaus.de\/index.php?rest_route=\/wp\/v2\/pages\/84\/revisions\/607"}],"wp:attachment":[{"href":"https:\/\/www.krabat-badehaus.de\/index.php?rest_route=%2Fwp%2Fv2%2Fmedia&parent=84"}],"curies":[{"name":"wp","href":"https:\/\/api.w.org\/{rel}","templated":true}]}}